{"id":271,"date":"2020-04-15T02:04:22","date_gmt":"2020-04-15T06:04:22","guid":{"rendered":"https:\/\/christiansbrocca.com\/fr\/"},"modified":"2020-06-23T00:26:45","modified_gmt":"2020-06-23T04:26:45","slug":"fr","status":"publish","type":"page","link":"https:\/\/christiansbrocca.com\/en\/","title":{"rendered":"Home"},"content":{"rendered":"<div class=\"wpb-content-wrapper\"><p>[vc_row css_animation=&#8221;&#8221; row_type=&#8221;row&#8221; use_row_as_full_screen_section=&#8221;no&#8221; type=&#8221;full_width&#8221; angled_section=&#8221;no&#8221; text_align=&#8221;center&#8221; background_image_as_pattern=&#8221;without_pattern&#8221; el_id=&#8221;home&#8221; z_index=&#8221;&#8221;][vc_column width=&#8221;1\/2&#8243; css=&#8221;.vc_custom_1587345264524{background-image: url(https:\/\/christiansbrocca.com\/wp-content\/uploads\/christian-sbrocca-home.jpg?id=123) !important;}&#8221;][vc_single_image image=&#8221;64&#8243; img_size=&#8221;full&#8221; alignment=&#8221;center&#8221; qode_css_animation=&#8221;&#8221;]<a  itemprop=\"url\" href=\"\/musique\/\" target=\"_self\"  class=\"qbutton  default\" style=\"\">Discover my music<i class=\"qodef-icon-linea-icon icon-arrows-slim-right qode_button_icon_element\" style=\"\" ><\/i><\/a>[\/vc_column][vc_column width=&#8221;1\/2&#8243; css=&#8221;.vc_custom_1586919678623{background-image: url(https:\/\/christiansbrocca.com\/wp-content\/uploads\/studio-lucky-montreal-bg.jpg?id=57) !important;}&#8221;][vc_single_image image=&#8221;55&#8243; img_size=&#8221;full&#8221; alignment=&#8221;center&#8221; qode_css_animation=&#8221;&#8221;]<a  itemprop=\"url\" href=\"\/en\/lucky-studios\/\" target=\"_self\"  class=\"qbutton  default\" style=\"\">Inside our studios<i class=\"qodef-icon-linea-icon icon-arrows-slim-right qode_button_icon_element\" style=\"\" ><\/i><\/a>[\/vc_column][\/vc_row][vc_row css_animation=&#8221;&#8221; row_type=&#8221;row&#8221; use_row_as_full_screen_section=&#8221;no&#8221; type=&#8221;full_width&#8221; angled_section=&#8221;no&#8221; text_align=&#8221;left&#8221; background_image_as_pattern=&#8221;without_pattern&#8221; el_id=&#8221;lang&#8221; z_index=&#8221;&#8221;][vc_column][vc_raw_html]JTNDZGl2JTIwY2xhc3MlM0QlMjJsYW5nJTIyJTNFJTNDYSUyMGNsYXNzJTNEJTIyZnIlMjIlMjBocmVmJTNEJTIyJTJGJTIyJTNFRlIlM0MlMkZhJTNFJTNDYSUyMGNsYXNzJTNEJTIyZW4lMjIlMjBocmVmJTNEJTIyJTJGZW4lMkYlMjIlM0VFTiUzQyUyRmElM0UlM0MlMkZkaXYlM0U=[\/vc_raw_html][\/vc_column][\/vc_row]<\/p>\n<\/div>","protected":false},"excerpt":{"rendered":"<p>[vc_row css_animation=&#8221;&#8221; row_type=&#8221;row&#8221; use_row_as_full_screen_section=&#8221;no&#8221; type=&#8221;full_width&#8221; angled_section=&#8221;no&#8221; text_align=&#8221;center&#8221; background_image_as_pattern=&#8221;without_pattern&#8221; el_id=&#8221;home&#8221; z_index=&#8221;&#8221;][vc_column width=&#8221;1\/2&#8243; css=&#8221;.vc_custom_1587345264524{background-image: url(https:\/\/christiansbrocca.com\/wp-content\/uploads\/christian-sbrocca-home.jpg?id=123) !important;}&#8221;][vc_single_image image=&#8221;64&#8243; img_size=&#8221;full&#8221; alignment=&#8221;center&#8221; qode_css_animation=&#8221;&#8221;][\/vc_column][vc_column width=&#8221;1\/2&#8243; css=&#8221;.vc_custom_1586919678623{background-image: url(https:\/\/christiansbrocca.com\/wp-content\/uploads\/studio-lucky-montreal-bg.jpg?id=57) !important;}&#8221;][vc_single_image image=&#8221;55&#8243; img_size=&#8221;full&#8221; alignment=&#8221;center&#8221; qode_css_animation=&#8221;&#8221;][\/vc_column][\/vc_row][vc_row css_animation=&#8221;&#8221; row_type=&#8221;row&#8221; use_row_as_full_screen_section=&#8221;no&#8221; type=&#8221;full_width&#8221; angled_section=&#8221;no&#8221; text_align=&#8221;left&#8221; background_image_as_pattern=&#8221;without_pattern&#8221; el_id=&#8221;lang&#8221; z_index=&#8221;&#8221;][vc_column][vc_raw_html]JTNDZGl2JTIwY2xhc3MlM0QlMjJsYW5nJTIyJTNFJTNDYSUyMGNsYXNzJTNEJTIyZnIlMjIlMjBocmVmJTNEJTIyJTJGJTIyJTNFRlIlM0MlMkZhJTNFJTNDYSUyMGNsYXNzJTNEJTIyZW4lMjIlMjBocmVmJTNEJTIyJTJGZW4lMkYlMjIlM0VFTiUzQyUyRmElM0UlM0MlMkZkaXYlM0U=[\/vc_raw_html][\/vc_column][\/vc_row]<\/p>\n","protected":false},"author":1,"featured_media":0,"parent":0,"menu_order":1,"comment_status":"closed","ping_status":"closed","template":"full_width.php","meta":{"footnotes":""},"class_list":["post-271","page","type-page","status-publish","hentry"],"yoast_head":"<!-- This site is optimized with the Yoast SEO plugin v27.4 - https:\/\/yoast.com\/product\/yoast-seo-wordpress\/ -->\n<title>Christian Sbrocca &#8211; Officiel<\/title>\n<meta name=\"description\" content=\"D\u00e9couvrez la musique de Christian Sbrocca et Lucky Studios, un studio de cr\u00e9ation et d&#039;enregistrement multidisciplinaire bas\u00e9 sur la Rive-Sud de Montr\u00e9al.\" \/>\n<meta name=\"robots\" content=\"index, follow, max-snippet:-1, max-image-preview:large, max-video-preview:-1\" \/>\n<link rel=\"canonical\" href=\"https:\/\/christiansbrocca.com\/en\/\" \/>\n<meta property=\"og:locale\" content=\"en_US\" \/>\n<meta property=\"og:type\" content=\"article\" \/>\n<meta property=\"og:title\" content=\"Christian Sbrocca &#8211; Officiel\" \/>\n<meta property=\"og:description\" content=\"D\u00e9couvrez la musique de Christian Sbrocca et Lucky Studios, un studio de cr\u00e9ation et d&#039;enregistrement multidisciplinaire bas\u00e9 sur la Rive-Sud de Montr\u00e9al.\" \/>\n<meta property=\"og:url\" content=\"https:\/\/christiansbrocca.com\/en\/\" \/>\n<meta property=\"og:site_name\" content=\"Christian Sbrocca\" \/>\n<meta property=\"article:modified_time\" content=\"2020-06-23T04:26:45+00:00\" \/>\n<meta property=\"og:image\" content=\"https:\/\/christiansbrocca.com\/wp-content\/uploads\/christian-sbrocca-home.jpg\" \/>\n\t<meta property=\"og:image:width\" content=\"2000\" \/>\n\t<meta property=\"og:image:height\" content=\"1333\" \/>\n\t<meta property=\"og:image:type\" content=\"image\/jpeg\" \/>\n<meta name=\"twitter:card\" content=\"summary_large_image\" \/>\n<meta name=\"twitter:label1\" content=\"Est. reading time\" \/>\n\t<meta name=\"twitter:data1\" content=\"1 minute\" \/>\n<script type=\"application\/ld+json\" class=\"yoast-schema-graph\">{\"@context\":\"https:\\\/\\\/schema.org\",\"@graph\":[{\"@type\":\"WebPage\",\"@id\":\"https:\\\/\\\/christiansbrocca.com\\\/en\\\/\",\"url\":\"https:\\\/\\\/christiansbrocca.com\\\/en\\\/\",\"name\":\"Christian Sbrocca &#8211; Officiel\",\"isPartOf\":{\"@id\":\"https:\\\/\\\/christiansbrocca.com\\\/#website\"},\"datePublished\":\"2020-04-15T06:04:22+00:00\",\"dateModified\":\"2020-06-23T04:26:45+00:00\",\"description\":\"D\u00e9couvrez la musique de Christian Sbrocca et Lucky Studios, un studio de cr\u00e9ation et d'enregistrement multidisciplinaire bas\u00e9 sur la Rive-Sud de Montr\u00e9al.\",\"breadcrumb\":{\"@id\":\"https:\\\/\\\/christiansbrocca.com\\\/en\\\/#breadcrumb\"},\"inLanguage\":\"en-US\",\"potentialAction\":[{\"@type\":\"ReadAction\",\"target\":[\"https:\\\/\\\/christiansbrocca.com\\\/en\\\/\"]}]},{\"@type\":\"BreadcrumbList\",\"@id\":\"https:\\\/\\\/christiansbrocca.com\\\/en\\\/#breadcrumb\",\"itemListElement\":[{\"@type\":\"ListItem\",\"position\":1,\"name\":\"Home\",\"item\":\"https:\\\/\\\/christiansbrocca.com\\\/en\\\/\"},{\"@type\":\"ListItem\",\"position\":2,\"name\":\"Home\"}]},{\"@type\":\"WebSite\",\"@id\":\"https:\\\/\\\/christiansbrocca.com\\\/#website\",\"url\":\"https:\\\/\\\/christiansbrocca.com\\\/\",\"name\":\"Christian Sbrocca\",\"description\":\"Site officiel\",\"potentialAction\":[{\"@type\":\"SearchAction\",\"target\":{\"@type\":\"EntryPoint\",\"urlTemplate\":\"https:\\\/\\\/christiansbrocca.com\\\/?s={search_term_string}\"},\"query-input\":{\"@type\":\"PropertyValueSpecification\",\"valueRequired\":true,\"valueName\":\"search_term_string\"}}],\"inLanguage\":\"en-US\"}]}<\/script>\n<!-- \/ Yoast SEO plugin. -->","yoast_head_json":{"title":"Christian Sbrocca &#8211; Officiel","description":"D\u00e9couvrez la musique de Christian Sbrocca et Lucky Studios, un studio de cr\u00e9ation et d'enregistrement multidisciplinaire bas\u00e9 sur la Rive-Sud de Montr\u00e9al.","robots":{"index":"index","follow":"follow","max-snippet":"max-snippet:-1","max-image-preview":"max-image-preview:large","max-video-preview":"max-video-preview:-1"},"canonical":"https:\/\/christiansbrocca.com\/en\/","og_locale":"en_US","og_type":"article","og_title":"Christian Sbrocca &#8211; Officiel","og_description":"D\u00e9couvrez la musique de Christian Sbrocca et Lucky Studios, un studio de cr\u00e9ation et d'enregistrement multidisciplinaire bas\u00e9 sur la Rive-Sud de Montr\u00e9al.","og_url":"https:\/\/christiansbrocca.com\/en\/","og_site_name":"Christian Sbrocca","article_modified_time":"2020-06-23T04:26:45+00:00","og_image":[{"width":2000,"height":1333,"url":"https:\/\/christiansbrocca.com\/wp-content\/uploads\/christian-sbrocca-home.jpg","type":"image\/jpeg"}],"twitter_card":"summary_large_image","twitter_misc":{"Est. reading time":"1 minute"},"schema":{"@context":"https:\/\/schema.org","@graph":[{"@type":"WebPage","@id":"https:\/\/christiansbrocca.com\/en\/","url":"https:\/\/christiansbrocca.com\/en\/","name":"Christian Sbrocca &#8211; Officiel","isPartOf":{"@id":"https:\/\/christiansbrocca.com\/#website"},"datePublished":"2020-04-15T06:04:22+00:00","dateModified":"2020-06-23T04:26:45+00:00","description":"D\u00e9couvrez la musique de Christian Sbrocca et Lucky Studios, un studio de cr\u00e9ation et d'enregistrement multidisciplinaire bas\u00e9 sur la Rive-Sud de Montr\u00e9al.","breadcrumb":{"@id":"https:\/\/christiansbrocca.com\/en\/#breadcrumb"},"inLanguage":"en-US","potentialAction":[{"@type":"ReadAction","target":["https:\/\/christiansbrocca.com\/en\/"]}]},{"@type":"BreadcrumbList","@id":"https:\/\/christiansbrocca.com\/en\/#breadcrumb","itemListElement":[{"@type":"ListItem","position":1,"name":"Home","item":"https:\/\/christiansbrocca.com\/en\/"},{"@type":"ListItem","position":2,"name":"Home"}]},{"@type":"WebSite","@id":"https:\/\/christiansbrocca.com\/#website","url":"https:\/\/christiansbrocca.com\/","name":"Christian Sbrocca","description":"Site officiel","potentialAction":[{"@type":"SearchAction","target":{"@type":"EntryPoint","urlTemplate":"https:\/\/christiansbrocca.com\/?s={search_term_string}"},"query-input":{"@type":"PropertyValueSpecification","valueRequired":true,"valueName":"search_term_string"}}],"inLanguage":"en-US"}]}},"_links":{"self":[{"href":"https:\/\/christiansbrocca.com\/en\/wp-json\/wp\/v2\/pages\/271","targetHints":{"allow":["GET"]}}],"collection":[{"href":"https:\/\/christiansbrocca.com\/en\/wp-json\/wp\/v2\/pages"}],"about":[{"href":"https:\/\/christiansbrocca.com\/en\/wp-json\/wp\/v2\/types\/page"}],"author":[{"embeddable":true,"href":"https:\/\/christiansbrocca.com\/en\/wp-json\/wp\/v2\/users\/1"}],"replies":[{"embeddable":true,"href":"https:\/\/christiansbrocca.com\/en\/wp-json\/wp\/v2\/comments?post=271"}],"version-history":[{"count":6,"href":"https:\/\/christiansbrocca.com\/en\/wp-json\/wp\/v2\/pages\/271\/revisions"}],"predecessor-version":[{"id":338,"href":"https:\/\/christiansbrocca.com\/en\/wp-json\/wp\/v2\/pages\/271\/revisions\/338"}],"wp:attachment":[{"href":"https:\/\/christiansbrocca.com\/en\/wp-json\/wp\/v2\/media?parent=271"}],"curies":[{"name":"wp","href":"https:\/\/api.w.org\/{rel}","templated":true}]}}