{"id":276,"date":"2020-05-03T11:12:18","date_gmt":"2020-05-03T15:12:18","guid":{"rendered":"https:\/\/christiansbrocca.com\/music\/"},"modified":"2021-06-04T13:50:07","modified_gmt":"2021-06-04T17:50:07","slug":"music","status":"publish","type":"page","link":"https:\/\/christiansbrocca.com\/en\/music\/","title":{"rendered":"Music"},"content":{"rendered":"<div class=\"wpb-content-wrapper\"><p>[vc_row css_animation=&#8221;&#8221; row_type=&#8221;row&#8221; use_row_as_full_screen_section=&#8221;no&#8221; type=&#8221;full_width&#8221; angled_section=&#8221;no&#8221; text_align=&#8221;center&#8221; background_image_as_pattern=&#8221;without_pattern&#8221; background_image=&#8221;140&#8243; el_id=&#8221;about&#8221; z_index=&#8221;&#8221; anchor=&#8221;how-about&#8221;][vc_column][vc_column_text]<\/p>\n<h2><strong>How About<\/strong> is my story. Mon histoire. La mia storia.<\/h2>\n<p>[\/vc_column_text]<span data-type=\"circle\"   class=\"qode_icon_shortcode fa-stack q_font_awsome_icon_stack fa-3x  \" style=\" \"><a  itemprop=\"url\" href=\"https:\/\/www.youtube.com\/watch?v=EIljrHcbtw4&amp;feature=emb_logo\" target=\"_blank\"><i class=\"fa fa-circle fa-stack-base fa-stack-2x\" style=\"\"><\/i><i class=\"qode_icon_font_awesome fa fa-play qode_icon_element fa-stack-1x\" style=\"\" ><\/i><\/a><\/span>[\/vc_column][\/vc_row][vc_row css_animation=&#8221;&#8221; row_type=&#8221;row&#8221; use_row_as_full_screen_section=&#8221;no&#8221; type=&#8221;full_width&#8221; angled_section=&#8221;no&#8221; text_align=&#8221;center&#8221; background_image_as_pattern=&#8221;without_pattern&#8221; z_index=&#8221;&#8221; el_id=&#8221;chris&#8221; anchor=&#8221;bio&#8221;][vc_column][vc_column_text]<\/p>\n<h4>Bio<\/h4>\n<p>[\/vc_column_text][vc_column_text]<\/p>\n<p style=\"text-align: center;\">Shifting from an American career with almost Beatlesque effect to a most touchingly intimate and intense career in Quebec, France and Japan, Christian Sbrocca remains an enigma to the world of Pop music. How can an artist who has touched so many with such raw emotion be so little known by the general public and choose to be so little present on social media? It&#8217;s simple, over the years, Sbrocca has chosen the stage as his preferred means when it comes to sharing his music. The many who loyally follow him will tell you&#8230; You must see him live to discover the artist and better grasp the beauty and uniqueness of what he does.<\/p>\n<p>[\/vc_column_text][vc_accordion active_tab=&#8221;false&#8221; collapsible=&#8221;yes&#8221; style=&#8221;boxed_accordion&#8221;][vc_accordion_tab title=&#8221;Read more&#8221;][vc_column_text]<\/p>\n<p style=\"text-align: center;\">Gifted with a rare ability to bring people together and move them with his music, Christian Sbrocca displays a charisma and a sensitivity that take on a whole new dimension when he is on stage. That being said, there is no doubt that his ballads and his more up-tempo titles charm by their authenticity. With the sincerity of his texts, always close to everyday life but above all to our own truth, Christian constantly finds a way to destabilize the ears and the hearts that pay attention. In 2004, it was by writing &#8220;R\u00e9apprendre \u00e0 vivre&#8221;, the theme song of the film &#8220;Elles \u00c9taient Cinq&#8221;, that we deepened our understanding of the fragility that inhabits this great songwriter.<\/p>\n<p style=\"text-align: center;\">There are no lies with Christian Sbrocca. What demands to be said is said, and then written, and finally shared even if it means waking up and unveiling his own demons. Impossible to do otherwise according to the artist. Impossible to lie to yourself when letting one&#8217;s humanity shine through the cracks of one&#8217;s armour is the objective.<\/p>\n<p style=\"text-align: center;\">Sbrocca walked away from his solo career between 2012 and 2020 to devote himself to other passion projects. For instance, he became the main ally of the young sensation Gabriella for whom he co-wrote and produced 2 albums in addition to being one of her musicians on more than 130 shows around the world.<\/p>\n<p style=\"text-align: center;\">From 2009 to the present, Christian has written for many other renowned voices in addition to that of Gabriella. He has written for Mario Pelchat, Annie Villeneuve, Sophie Tapie, Olivier Dion, Marie-Chantal Toupin, Marilou, Christian Marc Gendron, Francis Gallant, Laurence St-Martin, to name a few. He also distinguished himself as a director with the stage productions Beatles Story, Beatles Orchestra, American Story Show (Silver Ticket and nomination to ADISQ) and Pianoman Experience (Silver Ticket). He has composed and directed the music for fifteen TV shows such as &#8220;Viens-tu faire un tour&#8221; on Radio Canada\/CBC and &#8220;Les L\u00e9gendes de la Route&#8221; on Historia. (See studio menu for more details)<\/p>\n<p style=\"text-align: center;\">But it is the singer-songwriter who is now making a return. The double EP &#8220;Je me d\u00e9fie and The Choice Is Yours&#8221; has that undeniable Sbrocca-DNA and that raw poetic emotion that sets him apart. It is by watching the &#8220;How About&#8221; video produced by the artist himself, that we can truly appreciate his return&#8230; Finally.<\/p>\n<p>[\/vc_column_text][\/vc_accordion_tab][\/vc_accordion][\/vc_column][\/vc_row][vc_row css_animation=&#8221;&#8221; row_type=&#8221;row&#8221; use_row_as_full_screen_section=&#8221;no&#8221; type=&#8221;grid&#8221; angled_section=&#8221;no&#8221; text_align=&#8221;center&#8221; background_image_as_pattern=&#8221;without_pattern&#8221; z_index=&#8221;&#8221; anchor=&#8221;albums&#8221; el_id=&#8221;albums&#8221; padding_bottom=&#8221;125&#8243;][vc_column][vc_row_inner row_type=&#8221;row&#8221; type=&#8221;full_width&#8221; text_align=&#8221;center&#8221; css_animation=&#8221;&#8221; el_class=&#8221;album&#8221;][vc_column_inner][vc_single_image image=&#8221;566&#8243; img_size=&#8221;full&#8221; alignment=&#8221;center&#8221; onclick=&#8221;custom_link&#8221; img_link_target=&#8221;_blank&#8221; qode_css_animation=&#8221;&#8221; link=&#8221;https:\/\/lnk.to\/TheChoiceIsYours&#8221;][vc_column_text]<\/p>\n<h5>The Choice Is Yours (Radio Single Remix)<\/h5>\n<p>[\/vc_column_text]<a  itemprop=\"url\" href=\"https:\/\/lnk.to\/TheChoiceIsYours\" target=\"_blank\"  class=\"qbutton  default\" style=\"\">Listen now<\/a>[\/vc_column_inner][\/vc_row_inner][vc_row_inner row_type=&#8221;row&#8221; type=&#8221;full_width&#8221; text_align=&#8221;center&#8221; css_animation=&#8221;&#8221; el_class=&#8221;album two&#8221;][vc_column_inner width=&#8221;1\/2&#8243;][vc_single_image image=&#8221;157&#8243; img_size=&#8221;full&#8221; alignment=&#8221;center&#8221; qode_css_animation=&#8221;&#8221;][vc_column_text]<\/p>\n<h5>Je me d\u00e9fie<\/h5>\n<p>[\/vc_column_text]<a  itemprop=\"url\" href=\"https:\/\/music.apple.com\/album\/je-me-d%C3%A9fie\/1495586080?uo=5&amp;at=11lS7P\" target=\"_blank\"  class=\"qbutton  default\" style=\"\">Buy now<\/a><a  itemprop=\"url\" href=\"mailto:info@christiansbrocca.com?subject=Album purchase&amp;body=Hi Christian, I would like to buy a physical album of JE ME D\u00c9FIE. Thank you!\" target=\"_self\"  class=\"qbutton  white default\" style=\"\">Physical album<\/a>[\/vc_column_inner][vc_column_inner width=&#8221;1\/2&#8243;][vc_single_image image=&#8221;155&#8243; img_size=&#8221;full&#8221; alignment=&#8221;center&#8221; qode_css_animation=&#8221;&#8221;][vc_column_text]<\/p>\n<h5>The Choice Is Yours &#8211; EP<\/h5>\n<p>[\/vc_column_text]<a  itemprop=\"url\" href=\"https:\/\/music.apple.com\/album\/the-choice-is-yours-ep\/1495303469?uo=5&amp;at=11lS7P\" target=\"_blank\"  class=\"qbutton  default\" style=\"\">Buy now<\/a><a  itemprop=\"url\" href=\"mailto:info@christiansbrocca.com?subject=Album purchase&amp;body=Hi Christian, I would like to buy a physical album of THE CHOICE IS YOURS. Thank you!\" target=\"_self\"  class=\"qbutton  white default\" style=\"\">Physical album<\/a>[\/vc_column_inner][\/vc_row_inner][vc_row_inner row_type=&#8221;row&#8221; type=&#8221;full_width&#8221; text_align=&#8221;center&#8221; css_animation=&#8221;&#8221; el_class=&#8221;album two&#8221;][vc_column_inner width=&#8221;1\/4&#8243;][vc_single_image image=&#8221;168&#8243; img_size=&#8221;full&#8221; alignment=&#8221;center&#8221; qode_css_animation=&#8221;&#8221;][vc_column_text]<\/p>\n<h5>L&#8217;opinion des autres<\/h5>\n<p>[\/vc_column_text]<a  itemprop=\"url\" href=\"https:\/\/music.apple.com\/ca\/album\/lopinion-des-autres\/697076265?ign-mpt=uo%3D5\" target=\"_blank\"  class=\"qbutton  default\" style=\"\">Buy now<\/a><a  itemprop=\"url\" href=\"mailto:info@christiansbrocca.com?subject=Album purchase&amp;body=Hi Christian, I would like to buy a physical album of L'OPINION DES AUTRES. Thank you!\" target=\"_self\"  class=\"qbutton  white default\" style=\"\">Physical album<\/a>[\/vc_column_inner][vc_column_inner width=&#8221;1\/4&#8243;][vc_single_image image=&#8221;158&#8243; img_size=&#8221;full&#8221; alignment=&#8221;center&#8221; qode_css_animation=&#8221;&#8221;][vc_column_text]<\/p>\n<h5>Le balafr\u00e9<\/h5>\n<p>[\/vc_column_text]<a  itemprop=\"url\" href=\"https:\/\/music.apple.com\/ca\/album\/le-balafre\/695898105?ign-mpt=uo%3D5\" target=\"_blank\"  class=\"qbutton  default\" style=\"\">Buy now<\/a><a  itemprop=\"url\" href=\"mailto:info@christiansbrocca.com?subject=Album purchase&amp;body=Hi Christian, I would like to buy a physical album of LE BALAFR\u00c9. Thank you!\" target=\"_self\"  class=\"qbutton  white default\" style=\"\">Physical album<\/a>[\/vc_column_inner][vc_column_inner width=&#8221;1\/4&#8243;][vc_single_image image=&#8221;156&#8243; img_size=&#8221;full&#8221; alignment=&#8221;center&#8221; qode_css_animation=&#8221;&#8221;][vc_column_text]<\/p>\n<h5>R\u00e9apprendre \u00e0 vivre<\/h5>\n<p>[\/vc_column_text]<a  itemprop=\"url\" href=\"https:\/\/music.apple.com\/album\/my-script-remastered\/1482477492?uo=5&amp;at=11lS7P\" target=\"_blank\"  class=\"qbutton  default\" style=\"\">Buy now<\/a><a  itemprop=\"url\" href=\"mailto:info@christiansbrocca.com?subject=Album purchase&amp;body=Hi Christian, I would like to buy a physical album of R\u00c9APPRENDRE \u00c0 VIVRE. Thank you!\" target=\"_self\"  class=\"qbutton  white default\" style=\"\">Physical album<\/a>[\/vc_column_inner][vc_column_inner width=&#8221;1\/4&#8243;][vc_single_image image=&#8221;159&#8243; img_size=&#8221;full&#8221; alignment=&#8221;center&#8221; qode_css_animation=&#8221;&#8221;][vc_column_text]<\/p>\n<h5>My Script<\/h5>\n<p>[\/vc_column_text]<a  itemprop=\"url\" href=\"https:\/\/music.apple.com\/album\/my-script-remastered\/1482477492?uo=5&amp;at=11lS7P\" target=\"_blank\"  class=\"qbutton  default\" style=\"\">Buy now<\/a><a  itemprop=\"url\" href=\"mailto:info@christiansbrocca.com?subject=Album purchase&amp;body=Hi Christian, I would like to buy a physical album of MY SCRIPT. Thank you!\" target=\"_self\"  class=\"qbutton  white default\" style=\"\">Physical album<\/a>[\/vc_column_inner][\/vc_row_inner][\/vc_column][\/vc_row][vc_row css_animation=&#8221;&#8221; row_type=&#8221;row&#8221; use_row_as_full_screen_section=&#8221;no&#8221; type=&#8221;full_width&#8221; angled_section=&#8221;no&#8221; text_align=&#8221;center&#8221; background_image_as_pattern=&#8221;without_pattern&#8221; z_index=&#8221;&#8221; el_id=&#8221;medias&#8221; anchor=&#8221;medias&#8221;][vc_column width=&#8221;1\/3&#8243; css=&#8221;.vc_custom_1590497042458{background-image: url(https:\/\/christiansbrocca.com\/wp-content\/uploads\/PD4_9239.jpeg?id=207) !important;}&#8221;][\/vc_column][vc_column width=&#8221;1\/3&#8243; css=&#8221;.vc_custom_1590497060592{background-image: url(https:\/\/christiansbrocca.com\/wp-content\/uploads\/PD4_9192.jpeg?id=206) !important;}&#8221;][\/vc_column][vc_column width=&#8221;1\/3&#8243; css=&#8221;.vc_custom_1590497074428{background-image: url(https:\/\/christiansbrocca.com\/wp-content\/uploads\/Christian_Sbrocca_byCDufresne-7112.jpeg?id=205) !important;}&#8221;][\/vc_column][\/vc_row][vc_row css_animation=&#8221;&#8221; row_type=&#8221;row&#8221; use_row_as_full_screen_section=&#8221;no&#8221; type=&#8221;grid&#8221; angled_section=&#8221;no&#8221; text_align=&#8221;center&#8221; background_image_as_pattern=&#8221;without_pattern&#8221; z_index=&#8221;&#8221; anchor=&#8221;medias&#8221; el_class=&#8221;youtube&#8221; padding_top=&#8221;125&#8243;][vc_column width=&#8221;1\/3&#8243;][vc_video link=&#8221;https:\/\/www.youtube.com\/watch?v=qcjmnZEb-Hg&#8221;][\/vc_column][vc_column width=&#8221;1\/3&#8243;][vc_video link=&#8221;https:\/\/youtu.be\/C1MWGiBBWqE&#8221;][\/vc_column][vc_column width=&#8221;1\/3&#8243;][vc_video link=&#8221;https:\/\/youtu.be\/QE9CfLq6KIE&#8221;][\/vc_column][\/vc_row][vc_row css_animation=&#8221;&#8221; row_type=&#8221;row&#8221; use_row_as_full_screen_section=&#8221;no&#8221; type=&#8221;grid&#8221; angled_section=&#8221;no&#8221; text_align=&#8221;center&#8221; background_image_as_pattern=&#8221;without_pattern&#8221; z_index=&#8221;&#8221; el_id=&#8221;shows&#8221; anchor=&#8221;shows&#8221; padding_top=&#8221;125&#8243;][vc_column][vc_column_text]<\/p>\n<h4>Shows<\/h4>\n<p>[\/vc_column_text][vc_row_inner row_type=&#8221;row&#8221; type=&#8221;full_width&#8221; text_align=&#8221;center&#8221; css_animation=&#8221;&#8221;][vc_column_inner width=&#8221;1\/6&#8243;][\/vc_column_inner][vc_column_inner el_class=&#8221;td&#8221; width=&#8221;2\/3&#8243;][vc_single_image image=&#8221;536&#8243; img_size=&#8221;full&#8221; qode_css_animation=&#8221;&#8221;][vc_column_text]<\/p>\n<h5>August 29, 2020<br \/>\n<strong>The Summer Sessions: PREMIERE! You have the choice between coming in person with a distance or even better, enjoying for the very first time 2 shows broadcast in ultra high definition via 6 to 8 cameras.<\/strong><\/h5>\n<p>[\/vc_column_text]<a  itemprop=\"url\" href=\"https:\/\/lepointdevente.com\/?q=sbrocca&amp;locality=1981&amp;radius=100\" target=\"_blank\"  class=\"qbutton  center default\" style=\"\">Tickets<\/a>[vc_single_image image=&#8221;544&#8243; img_size=&#8221;full&#8221; qode_css_animation=&#8221;&#8221;][vc_column_text]<\/p>\n<h5>September 4, 2020<br \/>\n<strong>Les Montgolfi\u00e8res de St-Jean sur Richelieu<\/strong><\/h5>\n<p>[\/vc_column_text]<a  itemprop=\"url\" href=\"https:\/\/haut-richelieu.tuxedobillet.com\/location\/4-septembre-2020?fbclid=IwAR3toJxW7RjoPe0k9Mf1hNzxzoz2M9wVnBqN_t0cn-t0pwP8esR3qY6Kios\" target=\"_blank\"  class=\"qbutton  center default\" style=\"\">Tickets<\/a>[\/vc_column_inner][vc_column_inner width=&#8221;1\/6&#8243;][\/vc_column_inner][\/vc_row_inner][\/vc_column][\/vc_row][vc_row css_animation=&#8221;&#8221; row_type=&#8221;row&#8221; use_row_as_full_screen_section=&#8221;no&#8221; type=&#8221;grid&#8221; angled_section=&#8221;no&#8221; text_align=&#8221;center&#8221; background_image_as_pattern=&#8221;without_pattern&#8221; z_index=&#8221;&#8221; el_id=&#8221;directing&#8221; anchor=&#8221;directing&#8221; el_class=&#8221;directing&#8221; padding_top=&#8221;125&#8243;][vc_column][vc_column_text]<\/p>\n<h4>Directing<\/h4>\n<p>[\/vc_column_text][vc_row_inner row_type=&#8221;row&#8221; type=&#8221;full_width&#8221; text_align=&#8221;center&#8221; css_animation=&#8221;&#8221;][vc_column_inner width=&#8221;1\/2&#8243;][vc_single_image image=&#8221;223&#8243; img_size=&#8221;full&#8221; qode_css_animation=&#8221;&#8221;][vc_column_text]Gold ticket ADISQ &#8211; 40 000 tickets sold<br \/>\nNominated for show of the year in 2016[\/vc_column_text][vc_empty_space][\/vc_column_inner][vc_column_inner width=&#8221;1\/2&#8243;][vc_single_image image=&#8221;222&#8243; img_size=&#8221;full&#8221; qode_css_animation=&#8221;&#8221;][vc_column_text]More than 20 000 tickets sold[\/vc_column_text][vc_empty_space][\/vc_column_inner][\/vc_row_inner][vc_row_inner row_type=&#8221;row&#8221; type=&#8221;full_width&#8221; text_align=&#8221;center&#8221; css_animation=&#8221;&#8221;][vc_column_inner width=&#8221;1\/2&#8243;][vc_single_image image=&#8221;221&#8243; img_size=&#8221;full&#8221; qode_css_animation=&#8221;&#8221;][vc_column_text]More than 200 000 tickets sold[\/vc_column_text][vc_empty_space][\/vc_column_inner][vc_column_inner width=&#8221;1\/2&#8243;][vc_single_image image=&#8221;220&#8243; img_size=&#8221;full&#8221; qode_css_animation=&#8221;&#8221;][vc_column_text]Silver ticket ADISQ<br \/>\n25 000 tickets sold[\/vc_column_text][\/vc_column_inner][\/vc_row_inner][\/vc_column][\/vc_row][vc_row css_animation=&#8221;&#8221; row_type=&#8221;row&#8221; use_row_as_full_screen_section=&#8221;no&#8221; type=&#8221;full_width&#8221; angled_section=&#8221;no&#8221; text_align=&#8221;center&#8221; background_image_as_pattern=&#8221;without_pattern&#8221; z_index=&#8221;&#8221; el_id=&#8221;contact&#8221; anchor=&#8221;contact&#8221;][vc_column][vc_column_text]<\/p>\n<h4>Contact<\/h4>\n<p>[\/vc_column_text][vc_column_text]Feel free to contact me for any request at<br \/>\n<strong>info@christiansbrocca.com<\/strong>[\/vc_column_text][vc_empty_space][vc_raw_html]JTNDYSUyMGhyZWYlM0QlMjJodHRwcyUzQSUyRiUyRnd3dy5mYWNlYm9vay5jb20lMkZjaHJpc3RpYW5zYnJvY2NhbXVzaWslMjIlMjB0YXJnZXQlM0QlMjJfYmxhbmslMjIlM0UlM0NpJTIwY2xhc3MlM0QlMjJmYSUyMGZhLWZhY2Vib29rJTIyJTIwYXJpYS1oaWRkZW4lM0QlMjJ0cnVlJTIyJTNFJTNDJTJGaSUzRSUzQyUyRmElM0UlMEElM0NhJTIwaHJlZiUzRCUyMmh0dHBzJTNBJTJGJTJGd3d3Lmluc3RhZ3JhbS5jb20lMkZjaHJpc3RpYW5zYnJvY2NhJTJGJTIyJTIwdGFyZ2V0JTNEJTIyX2JsYW5rJTIyJTNFJTNDaSUyMGNsYXNzJTNEJTIyZmElMjBmYS1pbnN0YWdyYW0lMjIlMjBhcmlhLWhpZGRlbiUzRCUyMnRydWUlMjIlM0UlM0MlMkZpJTNFJTNDJTJGYSUzRSUwQSUzQ2ElMjBocmVmJTNEJTIyaHR0cHMlM0ElMkYlMkZ3d3cueW91dHViZS5jb20lMkZjaGFubmVsJTJGVUM3YWMwMVlQN3V6UjVtdGJ5TTZOT0lRJTIyJTIwdGFyZ2V0JTNEJTIyX2JsYW5rJTIyJTNFJTNDaSUyMGNsYXNzJTNEJTIyZmElMjBmYS15b3V0dWJlJTIyJTIwYXJpYS1oaWRkZW4lM0QlMjJ0cnVlJTIyJTNFJTNDJTJGaSUzRSUzQyUyRmElM0UlMEElM0NhJTIwaHJlZiUzRCUyMmh0dHBzJTNBJTJGJTJGbXVzaWMuYXBwbGUuY29tJTJGY2ElMkZhcnRpc3QlMkZjaHJpc3RpYW4tc2Jyb2NjYSUyRjI4MTQzNzcwMSUyMiUyMHRhcmdldCUzRCUyMl9ibGFuayUyMiUzRSUzQ2klMjBjbGFzcyUzRCUyMmZhJTIwZmEtYXBwbGUlMjIlMjBhcmlhLWhpZGRlbiUzRCUyMnRydWUlMjIlM0UlM0MlMkZpJTNFJTNDJTJGYSUzRSUwQSUzQ2ElMjBocmVmJTNEJTIyaHR0cHMlM0ElMkYlMkZvcGVuLnNwb3RpZnkuY29tJTJGYXJ0aXN0JTJGMU90QW04QkpTVnhxNWJFcUFHaWxjSiUyMiUyMHRhcmdldCUzRCUyMl9ibGFuayUyMiUzRSUzQ2klMjBjbGFzcyUzRCUyMmZhJTIwZmEtc3BvdGlmeSUyMiUyMGFyaWEtaGlkZGVuJTNEJTIydHJ1ZSUyMiUzRSUzQyUyRmklM0UlM0MlMkZhJTNF[\/vc_raw_html][\/vc_column][\/vc_row]<\/p>\n<\/div>","protected":false},"excerpt":{"rendered":"<p>[vc_row css_animation=&#8221;&#8221; row_type=&#8221;row&#8221; use_row_as_full_screen_section=&#8221;no&#8221; type=&#8221;full_width&#8221; angled_section=&#8221;no&#8221; text_align=&#8221;center&#8221; background_image_as_pattern=&#8221;without_pattern&#8221; background_image=&#8221;140&#8243; el_id=&#8221;about&#8221; z_index=&#8221;&#8221; anchor=&#8221;how-about&#8221;][vc_column][vc_column_text] How About is my story. Mon histoire. La mia storia. [\/vc_column_text][\/vc_column][\/vc_row][vc_row css_animation=&#8221;&#8221; row_type=&#8221;row&#8221; use_row_as_full_screen_section=&#8221;no&#8221; type=&#8221;full_width&#8221; angled_section=&#8221;no&#8221; text_align=&#8221;center&#8221; background_image_as_pattern=&#8221;without_pattern&#8221; z_index=&#8221;&#8221; el_id=&#8221;chris&#8221; anchor=&#8221;bio&#8221;][vc_column][vc_column_text] Bio [\/vc_column_text][vc_column_text] Shifting from an American career with almost Beatlesque effect to&#8230;<\/p>\n","protected":false},"author":1,"featured_media":0,"parent":0,"menu_order":2,"comment_status":"closed","ping_status":"closed","template":"full_width.php","meta":{"footnotes":""},"class_list":["post-276","page","type-page","status-publish","hentry"],"yoast_head":"<!-- This site is optimized with the Yoast SEO plugin v27.5 - https:\/\/yoast.com\/product\/yoast-seo-wordpress\/ -->\n<title>Music &#8211; Christian Sbrocca<\/title>\n<meta name=\"robots\" content=\"index, follow, max-snippet:-1, max-image-preview:large, max-video-preview:-1\" \/>\n<link rel=\"canonical\" href=\"https:\/\/christiansbrocca.com\/en\/music\/\" \/>\n<meta property=\"og:locale\" content=\"en_US\" \/>\n<meta property=\"og:type\" content=\"article\" \/>\n<meta property=\"og:title\" content=\"Music &#8211; Christian Sbrocca\" \/>\n<meta property=\"og:description\" content=\"[vc_row css_animation=&#8221;&#8221; row_type=&#8221;row&#8221; use_row_as_full_screen_section=&#8221;no&#8221; type=&#8221;full_width&#8221; angled_section=&#8221;no&#8221; text_align=&#8221;center&#8221; background_image_as_pattern=&#8221;without_pattern&#8221; background_image=&#8221;140&#8243; el_id=&#8221;about&#8221; z_index=&#8221;&#8221; anchor=&#8221;how-about&#8221;][vc_column][vc_column_text] How About is my story. Mon histoire. La mia storia. [\/vc_column_text][\/vc_column][\/vc_row][vc_row css_animation=&#8221;&#8221; row_type=&#8221;row&#8221; use_row_as_full_screen_section=&#8221;no&#8221; type=&#8221;full_width&#8221; angled_section=&#8221;no&#8221; text_align=&#8221;center&#8221; background_image_as_pattern=&#8221;without_pattern&#8221; z_index=&#8221;&#8221; el_id=&#8221;chris&#8221; anchor=&#8221;bio&#8221;][vc_column][vc_column_text] Bio [\/vc_column_text][vc_column_text] Shifting from an American career with almost Beatlesque effect to...\" \/>\n<meta property=\"og:url\" content=\"https:\/\/christiansbrocca.com\/en\/music\/\" \/>\n<meta property=\"og:site_name\" content=\"Christian Sbrocca\" \/>\n<meta property=\"article:modified_time\" content=\"2021-06-04T17:50:07+00:00\" \/>\n<meta property=\"og:image\" content=\"https:\/\/christiansbrocca.com\/wp-content\/uploads\/christian-sbrocca-home.jpg\" \/>\n\t<meta property=\"og:image:width\" content=\"2000\" \/>\n\t<meta property=\"og:image:height\" content=\"1333\" \/>\n\t<meta property=\"og:image:type\" content=\"image\/jpeg\" \/>\n<meta name=\"twitter:card\" content=\"summary_large_image\" \/>\n<meta name=\"twitter:label1\" content=\"Est. reading time\" \/>\n\t<meta name=\"twitter:data1\" content=\"11 minutes\" \/>\n<script type=\"application\/ld+json\" class=\"yoast-schema-graph\">{\"@context\":\"https:\\\/\\\/schema.org\",\"@graph\":[{\"@type\":\"WebPage\",\"@id\":\"https:\\\/\\\/christiansbrocca.com\\\/en\\\/music\\\/\",\"url\":\"https:\\\/\\\/christiansbrocca.com\\\/en\\\/music\\\/\",\"name\":\"Music &#8211; Christian Sbrocca\",\"isPartOf\":{\"@id\":\"https:\\\/\\\/christiansbrocca.com\\\/#website\"},\"datePublished\":\"2020-05-03T15:12:18+00:00\",\"dateModified\":\"2021-06-04T17:50:07+00:00\",\"breadcrumb\":{\"@id\":\"https:\\\/\\\/christiansbrocca.com\\\/en\\\/music\\\/#breadcrumb\"},\"inLanguage\":\"en-US\",\"potentialAction\":[{\"@type\":\"ReadAction\",\"target\":[\"https:\\\/\\\/christiansbrocca.com\\\/en\\\/music\\\/\"]}]},{\"@type\":\"BreadcrumbList\",\"@id\":\"https:\\\/\\\/christiansbrocca.com\\\/en\\\/music\\\/#breadcrumb\",\"itemListElement\":[{\"@type\":\"ListItem\",\"position\":1,\"name\":\"Home\",\"item\":\"https:\\\/\\\/christiansbrocca.com\\\/en\\\/\"},{\"@type\":\"ListItem\",\"position\":2,\"name\":\"Music\"}]},{\"@type\":\"WebSite\",\"@id\":\"https:\\\/\\\/christiansbrocca.com\\\/#website\",\"url\":\"https:\\\/\\\/christiansbrocca.com\\\/\",\"name\":\"Christian Sbrocca\",\"description\":\"Site officiel\",\"potentialAction\":[{\"@type\":\"SearchAction\",\"target\":{\"@type\":\"EntryPoint\",\"urlTemplate\":\"https:\\\/\\\/christiansbrocca.com\\\/?s={search_term_string}\"},\"query-input\":{\"@type\":\"PropertyValueSpecification\",\"valueRequired\":true,\"valueName\":\"search_term_string\"}}],\"inLanguage\":\"en-US\"}]}<\/script>\n<!-- \/ Yoast SEO plugin. -->","yoast_head_json":{"title":"Music &#8211; Christian Sbrocca","robots":{"index":"index","follow":"follow","max-snippet":"max-snippet:-1","max-image-preview":"max-image-preview:large","max-video-preview":"max-video-preview:-1"},"canonical":"https:\/\/christiansbrocca.com\/en\/music\/","og_locale":"en_US","og_type":"article","og_title":"Music &#8211; Christian Sbrocca","og_description":"[vc_row css_animation=&#8221;&#8221; row_type=&#8221;row&#8221; use_row_as_full_screen_section=&#8221;no&#8221; type=&#8221;full_width&#8221; angled_section=&#8221;no&#8221; text_align=&#8221;center&#8221; background_image_as_pattern=&#8221;without_pattern&#8221; background_image=&#8221;140&#8243; el_id=&#8221;about&#8221; z_index=&#8221;&#8221; anchor=&#8221;how-about&#8221;][vc_column][vc_column_text] How About is my story. Mon histoire. La mia storia. [\/vc_column_text][\/vc_column][\/vc_row][vc_row css_animation=&#8221;&#8221; row_type=&#8221;row&#8221; use_row_as_full_screen_section=&#8221;no&#8221; type=&#8221;full_width&#8221; angled_section=&#8221;no&#8221; text_align=&#8221;center&#8221; background_image_as_pattern=&#8221;without_pattern&#8221; z_index=&#8221;&#8221; el_id=&#8221;chris&#8221; anchor=&#8221;bio&#8221;][vc_column][vc_column_text] Bio [\/vc_column_text][vc_column_text] Shifting from an American career with almost Beatlesque effect to...","og_url":"https:\/\/christiansbrocca.com\/en\/music\/","og_site_name":"Christian Sbrocca","article_modified_time":"2021-06-04T17:50:07+00:00","og_image":[{"width":2000,"height":1333,"url":"https:\/\/christiansbrocca.com\/wp-content\/uploads\/christian-sbrocca-home.jpg","type":"image\/jpeg"}],"twitter_card":"summary_large_image","twitter_misc":{"Est. reading time":"11 minutes"},"schema":{"@context":"https:\/\/schema.org","@graph":[{"@type":"WebPage","@id":"https:\/\/christiansbrocca.com\/en\/music\/","url":"https:\/\/christiansbrocca.com\/en\/music\/","name":"Music &#8211; Christian Sbrocca","isPartOf":{"@id":"https:\/\/christiansbrocca.com\/#website"},"datePublished":"2020-05-03T15:12:18+00:00","dateModified":"2021-06-04T17:50:07+00:00","breadcrumb":{"@id":"https:\/\/christiansbrocca.com\/en\/music\/#breadcrumb"},"inLanguage":"en-US","potentialAction":[{"@type":"ReadAction","target":["https:\/\/christiansbrocca.com\/en\/music\/"]}]},{"@type":"BreadcrumbList","@id":"https:\/\/christiansbrocca.com\/en\/music\/#breadcrumb","itemListElement":[{"@type":"ListItem","position":1,"name":"Home","item":"https:\/\/christiansbrocca.com\/en\/"},{"@type":"ListItem","position":2,"name":"Music"}]},{"@type":"WebSite","@id":"https:\/\/christiansbrocca.com\/#website","url":"https:\/\/christiansbrocca.com\/","name":"Christian Sbrocca","description":"Site officiel","potentialAction":[{"@type":"SearchAction","target":{"@type":"EntryPoint","urlTemplate":"https:\/\/christiansbrocca.com\/?s={search_term_string}"},"query-input":{"@type":"PropertyValueSpecification","valueRequired":true,"valueName":"search_term_string"}}],"inLanguage":"en-US"}]}},"_links":{"self":[{"href":"https:\/\/christiansbrocca.com\/en\/wp-json\/wp\/v2\/pages\/276","targetHints":{"allow":["GET"]}}],"collection":[{"href":"https:\/\/christiansbrocca.com\/en\/wp-json\/wp\/v2\/pages"}],"about":[{"href":"https:\/\/christiansbrocca.com\/en\/wp-json\/wp\/v2\/types\/page"}],"author":[{"embeddable":true,"href":"https:\/\/christiansbrocca.com\/en\/wp-json\/wp\/v2\/users\/1"}],"replies":[{"embeddable":true,"href":"https:\/\/christiansbrocca.com\/en\/wp-json\/wp\/v2\/comments?post=276"}],"version-history":[{"count":12,"href":"https:\/\/christiansbrocca.com\/en\/wp-json\/wp\/v2\/pages\/276\/revisions"}],"predecessor-version":[{"id":573,"href":"https:\/\/christiansbrocca.com\/en\/wp-json\/wp\/v2\/pages\/276\/revisions\/573"}],"wp:attachment":[{"href":"https:\/\/christiansbrocca.com\/en\/wp-json\/wp\/v2\/media?parent=276"}],"curies":[{"name":"wp","href":"https:\/\/api.w.org\/{rel}","templated":true}]}}